{"id":4286,"date":"2019-04-04T13:52:07","date_gmt":"2019-04-04T18:52:07","guid":{"rendered":"http:\/\/kiamika.flywheelstaging.com\/entreprises-a-proximite\/"},"modified":"2023-02-23T17:13:12","modified_gmt":"2023-02-23T22:13:12","slug":"nearby-businesses","status":"publish","type":"page","link":"https:\/\/reservoirkiamika.org\/en\/nearby-businesses\/","title":{"rendered":"Nearby businesses"},"content":{"rendered":"[et_pb_section fb_built=&#8221;1&#8243; admin_label=&#8221;Section &#8211; Image de fond ici&#8221; module_class=&#8221;entete-pages&#8221; _builder_version=&#8221;4.17.6&#8243; _module_preset=&#8221;default&#8221; background_image=&#8221;http:\/\/reservoirkiamika.org\/wp-content\/uploads\/2022\/12\/barrage-section.jpg&#8221; background_position=&#8221;top_center&#8221; global_colors_info=&#8221;{}&#8221;][et_pb_row admin_label=&#8221;Ligne &#8211; Titre avec icone&#8221; _builder_version=&#8221;4.17.0&#8243; _module_preset=&#8221;default&#8221; global_colors_info=&#8221;{}&#8221;][et_pb_column type=&#8221;4_4&#8243; _builder_version=&#8221;4.17.0&#8243; _module_preset=&#8221;default&#8221; global_colors_info=&#8221;{}&#8221;][et_pb_text admin_label=&#8221;Texte &#8211; Camping acces en voiture&#8221; module_class=&#8221;titre-page&#8221; _builder_version=&#8221;4.17.6&#8243; _module_preset=&#8221;default&#8221; custom_margin_tablet=&#8221;0px||||false|false&#8221; custom_margin_phone=&#8221;0px||||false|false&#8221; custom_margin_last_edited=&#8221;on|phone&#8221; custom_padding_tablet=&#8221;&#8221; custom_padding_phone=&#8221;&#8221; custom_padding_last_edited=&#8221;on|desktop&#8221; hover_enabled=&#8221;0&#8243; global_colors_info=&#8221;{}&#8221; sticky_enabled=&#8221;0&#8243;]<h1 style=\"text-align: center;\">Nearby businesses<\/h1>[\/et_pb_text][et_pb_image src=&#8221;http:\/\/reservoirkiamika.org\/wp-content\/uploads\/2022\/04\/camping-tente-reservoir-kiamika.png&#8221; title_text=&#8221;camping-tente-reservoir-kiamika&#8221; admin_label=&#8221;Image &#8211; Tente&#8221; module_class=&#8221;titre-icone-page&#8221; _builder_version=&#8221;4.17.3&#8243; _module_preset=&#8221;default&#8221; animation_style=&#8221;fade&#8221; animation_duration=&#8221;500ms&#8221; animation_delay=&#8221;100ms&#8221; global_colors_info=&#8221;{}&#8221;][\/et_pb_image][\/et_pb_column][\/et_pb_row][\/et_pb_section][et_pb_section fb_built=&#8221;1&#8243; _builder_version=&#8221;4.17.0&#8243; _module_preset=&#8221;default&#8221; background_color=&#8221;#ffffff&#8221; background_image=&#8221;http:\/\/reservoirkiamika.org\/wp-content\/uploads\/2022\/04\/fond-design-kiamika.png&#8221; background_position=&#8221;top_center&#8221; global_colors_info=&#8221;{}&#8221;][et_pb_row admin_label=&#8221;Ligne &#8211; Titre avec icone&#8221; _builder_version=&#8221;4.17.0&#8243; _module_preset=&#8221;default&#8221; global_colors_info=&#8221;{}&#8221;][et_pb_column type=&#8221;4_4&#8243; _builder_version=&#8221;4.17.0&#8243; _module_preset=&#8221;default&#8221; global_colors_info=&#8221;{}&#8221;][et_pb_text admin_label=&#8221;Texte &#8211; Kilby&#8221; module_class=&#8221;section-h2-special&#8221; _builder_version=&#8221;4.17.3&#8243; _module_preset=&#8221;default&#8221; custom_margin_tablet=&#8221;0px||||false|false&#8221; custom_margin_phone=&#8221;0px||||false|false&#8221; custom_margin_last_edited=&#8221;on|phone&#8221; custom_padding_tablet=&#8221;&#8221; custom_padding_phone=&#8221;&#8221; custom_padding_last_edited=&#8221;on|desktop&#8221; global_colors_info=&#8221;{}&#8221;]<h2 style=\"text-align: center;\">Lac saguay<\/h2>[\/et_pb_text][\/et_pb_column][\/et_pb_row][et_pb_row _builder_version=&#8221;4.17.3&#8243; _module_preset=&#8221;default&#8221; global_colors_info=&#8221;{}&#8221;][et_pb_column type=&#8221;4_4&#8243; _builder_version=&#8221;4.17.3&#8243; _module_preset=&#8221;default&#8221; global_colors_info=&#8221;{}&#8221;][et_pb_text _builder_version=&#8221;4.17.6&#8243; _module_preset=&#8221;default&#8221; background_color=&#8221;RGBA(255,255,255,0)&#8221; hover_enabled=&#8221;0&#8243; border_radii=&#8221;on|5px|5px|5px|5px&#8221; border_color_all=&#8221;#3e6271&#8243; global_colors_info=&#8221;{}&#8221; sticky_enabled=&#8221;0&#8243;]<table style=\"border-collapse: collapse; width: 100%; height: 20px;\" border=\"1\">\n<tbody>\n<tr style=\"height: 10px;\">\n<td style=\"width: 33.3333%; height: 10px; text-align: center;\">\n<h2>ACCOMMODATIONS<\/h2>\n<\/td>\n<td style=\"width: 33.3333%; height: 10px;\">\n<h2 style=\"text-align: center;\">RESTAURATION &amp; FOOD<\/h2>\n<\/td>\n<td style=\"width: 33.3333%; height: 10px;\">\n<h2 style=\"text-align: center;\">OTHER BUSINESSES<\/h2>\n<\/td>\n<\/tr>\n<tr style=\"height: 0px;\">\n<td style=\"width: 33.3333%; height: 10px;\">\n<p><strong>Auberge Painchaud &#8211; <\/strong>819 278-3444<\/p>\n<p><strong>Motel Ours Bleu &#8211;<\/strong> 819 278-0813<\/p>\n<p><strong>Motel DO-DI<\/strong> &#8211; 819 278-0254<\/p>\n<p><strong>Chalets Spa du Lac Saguay &#8211;\u00a0<\/strong>1 877 560-8060<\/p>\n<\/td>\n<td style=\"width: 33.3333%; height: 10px;\">\n<p><strong>Casse-cro\u00fbte DO-DI &#8211; <\/strong>819 278-0254<\/p>\n<p><strong>Resto-Bar Lac-Saguay &#8211;<\/strong> 819 278-1117<\/p>\n<p><strong>D\u00e9panneur Crevier l&#8217;Aventure<\/strong> &#8211; 819 278-1131<\/p>\n<\/td>\n<td style=\"width: 33.3333%; height: 10px;\">\n<p><strong>Studio 9 (coiffure) &#8211; <\/strong>819 278-3138<\/p>\n<p><strong>Les Alpagas des hautes-Laurentides &#8211;<\/strong>\u00a0 \u00a0 \u00a0 \u00a0 \u00a0450 806-7872<\/p>\n<p><strong>Centre le Refuge<\/strong> &#8211; 819 278-3773<\/p>\n<\/td>\n<\/tr>\n<\/tbody>\n<\/table>[\/et_pb_text][\/et_pb_column][\/et_pb_row][et_pb_row _builder_version=&#8221;4.17.3&#8243; _module_preset=&#8221;default&#8221; global_colors_info=&#8221;{}&#8221;][et_pb_column type=&#8221;4_4&#8243; _builder_version=&#8221;4.17.3&#8243; _module_preset=&#8221;default&#8221; global_colors_info=&#8221;{}&#8221;][\/et_pb_column][\/et_pb_row][et_pb_row admin_label=&#8221;Ligne &#8211; Titre avec icone&#8221; _builder_version=&#8221;4.17.3&#8243; _module_preset=&#8221;default&#8221; global_colors_info=&#8221;{}&#8221;][et_pb_column type=&#8221;4_4&#8243; _builder_version=&#8221;4.17.0&#8243; _module_preset=&#8221;default&#8221; global_colors_info=&#8221;{}&#8221;][et_pb_text admin_label=&#8221;Texte &#8211; Barrage&#8221; module_class=&#8221;section-h2-special&#8221; _builder_version=&#8221;4.17.3&#8243; _module_preset=&#8221;default&#8221; custom_margin_tablet=&#8221;0px||||false|false&#8221; custom_margin_phone=&#8221;0px||||false|false&#8221; custom_margin_last_edited=&#8221;on|phone&#8221; custom_padding_tablet=&#8221;&#8221; custom_padding_phone=&#8221;&#8221; custom_padding_last_edited=&#8221;on|desktop&#8221; hover_enabled=&#8221;0&#8243; global_colors_info=&#8221;{}&#8221; sticky_enabled=&#8221;0&#8243;]<h2 style=\"text-align: center;\">Chute st-philippe<\/h2>[\/et_pb_text][\/et_pb_column][\/et_pb_row][et_pb_row _builder_version=&#8221;4.17.3&#8243; _module_preset=&#8221;default&#8221; global_colors_info=&#8221;{}&#8221;][et_pb_column type=&#8221;4_4&#8243; _builder_version=&#8221;4.17.3&#8243; _module_preset=&#8221;default&#8221; global_colors_info=&#8221;{}&#8221;][et_pb_text _builder_version=&#8221;4.17.6&#8243; _module_preset=&#8221;default&#8221; background_color=&#8221;RGBA(255,255,255,0)&#8221; hover_enabled=&#8221;0&#8243; border_radii=&#8221;on|5px|5px|5px|5px&#8221; border_color_all=&#8221;#3e6271&#8243; global_colors_info=&#8221;{}&#8221; sticky_enabled=&#8221;0&#8243;]<table style=\"border-collapse: collapse; width: 100%; height: 20px;\" border=\"1\">\n<tbody>\n<tr style=\"height: 10px;\">\n<td style=\"width: 33.3333%; height: 10px; text-align: center;\">\n<h2>ACCOMMODATIONS<\/h2>\n<\/td>\n<td style=\"width: 33.3333%; height: 10px;\">\n<h2 style=\"text-align: center;\">RESTAURATION &amp; FOOD<\/h2>\n<\/td>\n<td style=\"width: 33.3333%; height: 10px;\">\n<h2 style=\"text-align: center;\">OTHER BUSINESSES<\/h2>\n<\/td>\n<\/tr>\n<tr style=\"height: 0px;\">\n<td style=\"width: 33.3333%; height: 10px;\">\n<p><strong>Camping Le petit Roi &#8211; <\/strong>450 712-2622<\/p>\n<p><strong>Camping Victoria &#8211;<\/strong> 819 585-2263<\/p>\n<p><strong>Chalets Aiglon &#8211; <\/strong>819 585-2732<\/p>\n<p><strong>Chalet Belle-Pointe &#8211;<\/strong> 514 777-1507<\/p>\n<p><strong>Chalet Rivard &amp; cie &#8211; <\/strong>450 806-0994<\/p>\n<p><strong>Chalet du Marquis &#8211;<\/strong> 450 419-6443<\/p>\n<p><strong>Chalets Rochon &#8211; <\/strong>514 949-8686<\/p>\n<p><strong>Domaine Kaaloo &#8211;<\/strong> 819 585-3538<\/p>\n<p><strong>La maison jaune &#8211; <\/strong>514 521-3987<\/p>\n<p><strong>Les 4 chalets &#8211;<\/strong> 514 521-3987<\/p>\n<p><strong>M\u00e9chante cabane &#8211; <\/strong>819 585-4177<\/p>\n<p><strong>Pourvoirie Jodoin &#8211;<\/strong> 819 713-0616<\/p>\n<\/td>\n<td style=\"width: 33.3333%; height: 10px;\">\n<p><strong>Boulangerie des Chutes &#8211;\u00a0 <\/strong>819 585-3506<\/p>\n<p><strong>March\u00e9 R&amp;D. St-Louis &#8211; <\/strong>819 585-2732<\/p>\n<p><strong>Restaurant Tou-Ti<\/strong> &#8211; 819 585-2178<\/p>\n<p><strong>Bistro, Cr\u00e8merie et Caf\u00e9 D\u00e9lice des Chutes &#8211;<\/strong>\u00a0819 387-8025<\/p>\n<\/td>\n<td style=\"width: 33.3333%; height: 10px;\">\n<p><strong>Quincaillerie B.M.R &#8211; <\/strong>819 585-2170<\/p>\n<p><strong>Atelier M\u00e9canique B.R.T &#8211; <\/strong>819 585-2531<\/p>\n<p><strong>Boutique La L\u00e9gende (souvenirs) &#8211;<\/strong>\u00a0 \u00a0 \u00a0 \u00a0 \u00a0 \u00a0 \u00a0 \u00a0 819 585-3897<\/p>\n<p><strong>Buanderie<\/strong> &#8211; 819 387-8025<\/p>\n<p><strong>D\u00e9co-v\u00e9g\u00e9 (murs v\u00e9g\u00e9taux) &#8211;<\/strong> 819 585-2826<\/p>\n<p><strong>\u00c9b\u00e9nisterie d&#8217;hier et d&#8217;aujourd&#8217;hui &#8211;\u00a0 \u00a0 \u00a0 \u00a0 \u00a0 \u00a0 \u00a0 \u00a0 <\/strong>819 585-2028<\/p>\n<p><strong>\u00c9nergie des Chutes (essence) &#8211;<\/strong> 819 387-8025<\/p>\n<p><strong>Massoth\u00e9rapie Nicole Langlois<\/strong> &#8211; 819 585-9938<\/p>\n<p><strong>Salon de coiffure Mod\u00e8le &#8211;<\/strong> 819 585-9761<\/p>\n<\/td>\n<\/tr>\n<\/tbody>\n<\/table>[\/et_pb_text][\/et_pb_column][\/et_pb_row][et_pb_row _builder_version=&#8221;4.17.3&#8243; _module_preset=&#8221;default&#8221; global_colors_info=&#8221;{}&#8221;][et_pb_column type=&#8221;4_4&#8243; _builder_version=&#8221;4.17.3&#8243; _module_preset=&#8221;default&#8221; global_colors_info=&#8221;{}&#8221;][\/et_pb_column][\/et_pb_row][et_pb_row _builder_version=&#8221;4.17.3&#8243; _module_preset=&#8221;default&#8221; global_colors_info=&#8221;{}&#8221;][et_pb_column type=&#8221;4_4&#8243; _builder_version=&#8221;4.17.3&#8243; _module_preset=&#8221;default&#8221; global_colors_info=&#8221;{}&#8221;][et_pb_text admin_label=&#8221;Texte &#8211; Barrage&#8221; module_class=&#8221;section-h2-special&#8221; _builder_version=&#8221;4.17.3&#8243; _module_preset=&#8221;default&#8221; custom_margin_tablet=&#8221;0px||||false|false&#8221; custom_margin_phone=&#8221;0px||||false|false&#8221; custom_margin_last_edited=&#8221;on|phone&#8221; custom_padding_tablet=&#8221;&#8221; custom_padding_phone=&#8221;&#8221; custom_padding_last_edited=&#8221;on|desktop&#8221; global_colors_info=&#8221;{}&#8221;]<h2 style=\"text-align: center;\">Rivi\u00e8re-rouge<\/h2>[\/et_pb_text][et_pb_text _builder_version=&#8221;4.17.6&#8243; _module_preset=&#8221;default&#8221; background_color=&#8221;RGBA(255,255,255,0)&#8221; hover_enabled=&#8221;0&#8243; border_radii=&#8221;on|5px|5px|5px|5px&#8221; border_color_all=&#8221;#3e6271&#8243; global_colors_info=&#8221;{}&#8221; sticky_enabled=&#8221;0&#8243;]<table style=\"border-collapse: collapse; width: 100%; height: 20px;\" border=\"1\">\n<tbody>\n<tr style=\"height: 10px;\">\n<td style=\"width: 33.3333%; height: 10px; text-align: center;\">\n<h2>ACCOMMODATIONS<\/h2>\n<\/td>\n<td style=\"width: 33.3333%; height: 10px;\">\n<h2 style=\"text-align: center;\">RESTAURATION &amp; FOOD<\/h2>\n<p>&nbsp;<\/p>\n<\/td>\n<td style=\"width: 33.3333%; height: 10px;\">\n<h2 style=\"text-align: center;\">OTHER BUSINESSES<\/h2>\n<\/td>\n<\/tr>\n<tr style=\"height: 0px;\">\n<td style=\"width: 33.3333%; height: 10px;\">\n<p><strong>Camping Le petit Roi &#8211; <\/strong>450 712-2622<\/p>\n<p><strong>Camping Victoria &#8211;<\/strong> 819 585-2263<\/p>\n<p><strong>Chalets Aiglon &#8211; <\/strong>819 585-2732<\/p>\n<p><strong>Chalet Belle-Pointe &#8211;<\/strong> 514 777-1507<\/p>\n<p><strong>Chalet Rivard &amp; cie &#8211; <\/strong>450 806-0994<\/p>\n<p><strong>Chalet du Marquis &#8211;<\/strong> 450 419-6443<\/p>\n<p><strong>Chalets Rochon &#8211; <\/strong>514 949-8686<\/p>\n<p><strong>Domaine Kaaloo &#8211;<\/strong> 819 585-3538<\/p>\n<p><strong>La maison jaune &#8211; <\/strong>514 521-3987<\/p>\n<p><strong>Les 4 chalets &#8211;<\/strong> 514 521-3987<\/p>\n<p><strong>M\u00e9chante cabane &#8211; <\/strong>819 585-4177<\/p>\n<p><strong>Pourvoirie Jodoin &#8211;<\/strong> 819 713-0616<\/p>\n<\/td>\n<td style=\"width: 33.3333%; height: 10px;\">\n<p><strong>Boulangerie des Chutes &#8211;\u00a0 <\/strong>819 585-3506<\/p>\n<p><strong>March\u00e9 R&amp;D. St-Louis &#8211; <\/strong>819 585-2732<\/p>\n<p><strong>Restaurant Tou-Ti<\/strong> &#8211; 819 585-2178<\/p>\n<p><strong>Bistro, Cr\u00e8merie et Caf\u00e9 D\u00e9lice des Chutes &#8211;<\/strong>\u00a0819 387-8025<\/p>\n<\/td>\n<td style=\"width: 33.3333%; height: 10px;\">\n<p><strong>Quincaillerie B.M.R &#8211; <\/strong>819 585-2170<\/p>\n<p><strong>Atelier M\u00e9canique B.R.T &#8211; <\/strong>819 585-2531<\/p>\n<p><strong>Boutique La L\u00e9gende (souvenirs) &#8211;<\/strong>\u00a0 \u00a0 \u00a0 \u00a0 \u00a0 \u00a0 \u00a0 \u00a0 819 585-3897<\/p>\n<p><strong>Buanderie<\/strong> &#8211; 819 387-8025<\/p>\n<p><strong>D\u00e9co-v\u00e9g\u00e9 (murs v\u00e9g\u00e9taux) &#8211;<\/strong> 819 585-2826<\/p>\n<p><strong>\u00c9b\u00e9nisterie d&#8217;hier et d&#8217;aujourd&#8217;hui &#8211;\u00a0 \u00a0 \u00a0 \u00a0 \u00a0 \u00a0 \u00a0 \u00a0 <\/strong>819 585-2028<\/p>\n<p><strong>\u00c9nergie des Chutes (essence) &#8211;<\/strong> 819 387-8025<\/p>\n<p><strong>Massoth\u00e9rapie Nicole Langlois<\/strong> &#8211; 819 585-9938<\/p>\n<p><strong>Salon de coiffure Mod\u00e8le &#8211;<\/strong> 819 585-9761<\/p>\n<\/td>\n<\/tr>\n<\/tbody>\n<\/table>[\/et_pb_text][\/et_pb_column][\/et_pb_row][\/et_pb_section]","protected":false},"excerpt":{"rendered":"<p>Nearby businessesLac saguay ACCOMMODATIONS RESTAURATION &amp; FOOD OTHER BUSINESSES Auberge Painchaud &#8211; 819 278-3444 Motel Ours Bleu &#8211; 819 278-0813 Motel DO-DI &#8211; 819 278-0254 Chalets Spa du Lac Saguay &#8211;\u00a01 877 560-8060 Casse-cro\u00fbte DO-DI &#8211; 819 278-0254 Resto-Bar Lac-Saguay &#8211; 819 278-1117 D\u00e9panneur Crevier l&#8217;Aventure &#8211; 819 278-1131 Studio 9 (coiffure) &#8211; 819 278-3138 [&hellip;]<\/p>\n","protected":false},"author":1,"featured_media":0,"parent":0,"menu_order":0,"comment_status":"closed","ping_status":"closed","template":"","meta":{"_acf_changed":false,"_et_pb_use_builder":"on","_et_pb_old_content":"","_et_gb_content_width":"","_monsterinsights_skip_tracking":false,"_monsterinsights_sitenote_active":false,"_monsterinsights_sitenote_note":"","_monsterinsights_sitenote_category":0,"footnotes":""},"class_list":["post-4286","page","type-page","status-publish","hentry"],"acf":[],"aioseo_notices":[],"_links":{"self":[{"href":"https:\/\/reservoirkiamika.org\/en\/wp-json\/wp\/v2\/pages\/4286","targetHints":{"allow":["GET"]}}],"collection":[{"href":"https:\/\/reservoirkiamika.org\/en\/wp-json\/wp\/v2\/pages"}],"about":[{"href":"https:\/\/reservoirkiamika.org\/en\/wp-json\/wp\/v2\/types\/page"}],"author":[{"embeddable":true,"href":"https:\/\/reservoirkiamika.org\/en\/wp-json\/wp\/v2\/users\/1"}],"replies":[{"embeddable":true,"href":"https:\/\/reservoirkiamika.org\/en\/wp-json\/wp\/v2\/comments?post=4286"}],"version-history":[{"count":3,"href":"https:\/\/reservoirkiamika.org\/en\/wp-json\/wp\/v2\/pages\/4286\/revisions"}],"predecessor-version":[{"id":4717,"href":"https:\/\/reservoirkiamika.org\/en\/wp-json\/wp\/v2\/pages\/4286\/revisions\/4717"}],"wp:attachment":[{"href":"https:\/\/reservoirkiamika.org\/en\/wp-json\/wp\/v2\/media?parent=4286"}],"curies":[{"name":"wp","href":"https:\/\/api.w.org\/{rel}","templated":true}]}}